{"id":1595,"date":"2020-11-13T16:10:32","date_gmt":"2020-11-13T15:10:32","guid":{"rendered":"http:\/\/europrovidus.com.pl\/site\/?page_id=1595"},"modified":"2020-11-13T16:20:50","modified_gmt":"2020-11-13T15:20:50","slug":"pracuj-z-nami","status":"publish","type":"page","link":"https:\/\/europrovidus.com.pl\/site\/?page_id=1595","title":{"rendered":"Pracuj z nami"},"content":{"rendered":"\n<p><span style=\"text-align: justify;\">Szukasz pracy lub dodatkowego \u017ar\u00f3d\u0142a dochodu? Chcesz podnosi\u0107 swoje kwalifikacje? Masz energi\u0119 i zapa\u0142 do pracy? Kochasz kontakt z lud\u017ami? Je\u017celi takimi priorytetami kierujesz si\u0119 przy wyborze pracy, to dobrze trafi\u0142e\u015b.<\/span>\n<\/p>\n\n\n\n<p><strong>Zach\u0119camy tak\u017ce do zapoznania si\u0119 z aktualnymi ofertami pracy. Euro Providus S.A.&nbsp; jest znan\u0105 i cenion\u0105 na rynku polskim firm\u0105 dzia\u0142aj\u0105c\u0105 w sektorze us\u0142ug finansowych. W Polsce jeste\u015bmy obecni od 2006 roku.<\/strong>\n<\/p>\n\n\n\n<p><strong>W zwi\u0105zku z dynamicznym rozwojem Sp\u00f3\u0142ki poszukujemy kandydat\u00f3w na stanowiska:<\/strong>\n<\/p>\n\n\n\n<div style=\"width: 50%; float: left; border: medium solid gray; padding: 5pt 5pt 8pt 5pt; margin: auto;\">\n\t<figure><img loading=\"lazy\" src=\"http:\/\/europrovidus.com.pl\/site\/wp-content\/uploads\/2020\/11\/top.jpg\" alt=\"top\" width=\"500\" height=\"333\"><\/figure><p>&nbsp;<\/p>\n\t<p>W zwi\u0105zku z dynamicznym rozwojem Sp\u00f3\u0142ki Euro Providus S.A. poszukujemy pracownik\u00f3w na stanowisko:<\/p>\n\t<p style=\"text-align: center;\"><span style=\"font-size: 12pt; color: #ff0000;\"><strong>Konsultant Finansowy<\/strong><\/span>\n\t<\/p>\n\t<p style=\"text-align: center;\">Miejsce pracy: Katowice, Opole, Cz\u0119stochowa, Kalisz, Krotoszyn, \u0141\u00f3d\u017a, Piotrk\u00f3w Trybunalski, Skawina, Zawiercie, Chrzan\u00f3w.<\/p>\n\t<p>&nbsp;<\/p>\n\t<p><span style=\"font-size: 10pt;\"><strong>Czym b\u0119dziesz si\u0119 zajmowa\u0142?<\/strong><\/span>\n\t<\/p>\n\t<ul>\n\t\t<li>Sprzeda\u017c\u0105 us\u0142ug finansowych na powierzonym terenie<\/li>\n\t\t<li>Bezpo\u015brednim kontaktem z klientami indywidualnymi<\/li>\n\t\t<li>Odbiorem rat<\/li>\n\t<\/ul>\n\t<p>&nbsp;<\/p>\n\t<p><span style=\"font-size: 10pt;\"><strong>Czego oczekujemy?<\/strong><\/span>\n\t<\/p>\n\t<ul>\n\t\t<li>Umiej\u0119tno\u015bci pracy w zespole<\/li>\n\t\t<li>Komunikatywno\u015bci i uczciwo\u015bci<\/li>\n\t\t<li>Entuzjazmu i zaanga\u017cowania w wykonywan\u0105 prac\u0119<\/li>\n\t\t<li>Dyspozycyjno\u015bci (praca w nienormowanych godzinach)<\/li>\n\t<\/ul>\n\t<p>&nbsp;<\/p>\n\t<p><span style=\"font-size: 10pt;\"><strong>Co oferujemy?<\/strong><\/span>\n\t<\/p>\n\t<ul>\n\t\t<li>Prac\u0119 w stabilnej firmie o ugruntowanej pozycji na rynku<\/li>\n\t\t<li>Umow\u0119 zlecenie<\/li>\n\t\t<li>Zarobki uzale\u017cnione od wk\u0142adu pracy<\/li>\n\t\t<li>Rozw\u00f3j zawodowy po\u0142\u0105czony z efektywnym systemem szkole\u0144<\/li>\n\t<\/ul>\n\t<p><br>Je\u017celi jeste\u015b zainteresowany prosimy o przes\u0142anie aplikacji (CV oraz list motywacyjny) wybieraj\u0105c oddzia\u0142 ze strony <a href=\"http:\/\/www.europrovidus.com.pl\">www.europrovidus.com.pl<\/a><br>&nbsp;<br>Prosimy o dopisanie nast\u0119puj\u0105cej klauzuli: <em>Wyra\u017cam zgod\u0119 na przetwarzanie moich danych osobowych dla potrzeb niezb\u0119dnych do realizacji procesu rekrutacji (zgodnie z ustaw\u0105 z dnia 10 maja 2018 roku o ochronie danych osobowych (Dz. Ustaw z 2019, poz. 1781) oraz zgodnie z Rozporz\u0105dzeniem Parlamentu Europejskiego i Rady (UE) 2016\/679 z dnia 27 kwietnia 2016 r. w sprawie ochrony os\u00f3b fizycznych w zwi\u0105zku z przetwarzaniem danych osobowych i w sprawie swobodnego przep\u0142ywu takich danych oraz uchylenia dyrektywy 95\/46\/WE (RODO).<\/em>\n\t<\/p>\n<\/div>\n\n\n\n<div style=\"width: 50%; float: left; border: medium solid gray; padding: 5pt 5pt 8pt 5pt; margin: auto;\">\n\t<figure><img loading=\"lazy\" src=\"http:\/\/europrovidus.com.pl\/site\/wp-content\/uploads\/2020\/11\/top.jpg\" alt=\"top\" width=\"500\" height=\"333\"><\/figure><p>&nbsp;<\/p>\n\t<p>W zwi\u0105zku z dynamicznym rozwojem Sp\u00f3\u0142ki Euro Providus S.A. poszukujemy pracownik\u00f3w na stanowisko:<\/p>\n\t<p style=\"text-align: center;\"><span style=\"font-size: 12pt; color: #ff0000;\"><strong>Manager Rejonu<\/strong><\/span>\n\t<\/p>\n\t<p style=\"text-align: center;\">Miejsce pracy: Katowice, Opole, Cz\u0119stochowa, Kalisz, Krotoszyn, \u0141\u00f3d\u017a, Piotrk\u00f3w Trybunalski, Skawina, Zawiercie, Chrzan\u00f3w, Wielu\u0144<\/p>\n\t<p>&nbsp;<\/p>\n\t<p><span style=\"font-size: 10pt;\"><strong>Czym b\u0119dziesz si\u0119 zajmowa\u0142?<\/strong><\/span>\n\t<\/p>\n\t<ul>\n\t\t<li>Zarz\u0105dzaniem grup\u0105 kierownik\u00f3w sekcji na podleg\u0142ych oddzia\u0142ach<\/li>\n\t\t<li>Rekrutacj\u0105 oraz coaching nowo zatrudnionych pracownik\u00f3w<\/li>\n\t\t<li>Budowaniem pozytywnych relacji ze swoimi pracownikami<\/li>\n\t\t<li>Umiej\u0119tno\u015b\u0107 analizy i zarz\u0105dzania wynikami operacyjnymi<\/li>\n\t\t<li>praca w terenie<\/li>\n\t<\/ul>\n\t<p>&nbsp;<\/p>\n\t<p><span style=\"font-size: 10pt;\"><strong>Czego oczekujemy?<\/strong><\/span>\n\t<\/p>\n\t<ul>\n\t\t<li>Ch\u0119ci i anga\u017cowania si\u0119 w prac\u0119<\/li>\n\t\t<li>Do\u015bwiadczenia w bespo\u015bredniej obs\u0142udze klienta<\/li>\n\t\t<li>Do\u015bwiadczenia w koordynowaniu prac\u0105 pracownik\u00f3w i konsultant\u00f3w<\/li>\n\t\t<li>Umiej\u0119tno\u015bci zarz\u0105dzania czasem pracy<\/li>\n\t\t<li>Mile widziane do\u015bwiadczenia w bran\u017cy finans\u00f3w (szybkich po\u017cyczek)<\/li>\n\t\t<li>Dyspozycyjno\u015bci, sumienno\u015bci i obowi\u0105zkowo\u015bci<\/li>\n\t\t<li>Prawa jazdy kat. B<\/li>\n\t<\/ul>\n\t<p>&nbsp;<\/p>\n\t<p><span style=\"font-size: 10pt;\"><strong>Nasza oferta<\/strong><\/span>\n\t<\/p>\n\t<ul>\n\t\t<li>Umowa o prac\u0119 z atrakcyjnym wynagrodzeniem (podstawa + premia)<\/li>\n\t\t<li>Samoch\u00f3d i telefon s\u0142u\u017cbowy<\/li>\n\t\t<li>Uczestnictwo w szkoleniach wprowadzaj\u0105cych i rozwijaj\u0105cych, doskonalenie wiedzy praktycznej<\/li>\n\t\t<li>Mo\u017cliwo\u015b\u0107 rozwoju zawodowego w ramach sp\u00f3\u0142ki<\/li>\n\t<\/ul>\n\t<p><br>Je\u017celi jeste\u015b zainteresowany prosimy o przes\u0142anie aplikacji ( CV oraz list motywacyjny) na adres mailowy: rekrutacja.mrb@europrovidus.home.pl<br>&nbsp;<br>Prosimy o dopisanie nast\u0119puj\u0105cej klauzuli: <em>Wyra\u017cam zgod\u0119 na przetwarzanie moich danych osobowych dla potrzeb niezb\u0119dnych do realizacji procesu rekrutacji (zgodnie z ustaw\u0105 z dnia 10 maja 2018 roku o ochronie danych osobowych (Dz. Ustaw z 2019, poz. 1781) oraz zgodnie z Rozporz\u0105dzeniem Parlamentu Europejskiego i Rady (UE) 2016\/679 z dnia 27 kwietnia 2016 r. w sprawie ochrony os\u00f3b fizycznych w zwi\u0105zku z przetwarzaniem danych osobowych i w sprawie swobodnego przep\u0142ywu takich danych oraz uchylenia dyrektywy 95\/46\/WE (RODO).<\/em>\n\t<\/p>\n<\/div>\n\n\n\n<div style=\"text-align: justify;\"><strong>Klauzula informacyjna \u2013 rekrutacja na stanowisko pracy.<\/strong>\n<\/div>\n\n\n\n<div style=\"text-align: justify;\">Zgodnie z obowi\u0105zuj\u0105cym od dnia 25 maja 2018r. Rozporz\u0105dzeniem Parlamentu&nbsp; Europejskiego i Rady (UE) 2016\/679 z dnia&nbsp; 27 kwietnia&nbsp; 2016r.&nbsp; w sprawie ochrony os\u00f3b fizycznych w zwi\u0105zku z przetwarzaniem danych osobowych i w sprawie swobodnego przep\u0142ywu takich danych oraz uchylenia dyrektywy 95\/46\/WE (og\u00f3lne rozporz\u0105dzenie o ochronie danych) Euro Providus SA z siedzib\u0105 w Cz\u0119stochowie, ul. Rac\u0142awicka 22, jako administrator danych osobowych, informuj\u0119 Pana\/ Pani\u0105, i\u017c:<br>1.&nbsp;Administratorem danych osobowych jest Euro Providus SA z siedzib\u0105 w Cz\u0119stochowie, ul. Rac\u0142awicka 22;<br>2.&nbsp;podanie danych osobowych jest dobrowolne, ale niezb\u0119dne w celu przeprowadzenia rekrutacji na aplikowane stanowisko pracy; niepodanie danych uniemo\u017cliwi udzia\u0142 w rekrutacji;<br>3.&nbsp;posiada Pani\/Pan prawo dost\u0119pu do tre\u015bci swoich danych osobowych i ich sprostowania, usuni\u0119cia, ograniczenia przetwarzania, prawo do przenoszenia danych;<br>4.&nbsp;posiada Pan\/Pani prawo zg\u0142oszenia sprzeciwu: co do przetwarzania danych osobowych, prawo do cofni\u0119cia zgody w dowolnym momencie bez wp\u0142ywu na zgodno\u015b\u0107 z prawem przetwarzania; <br>5.&nbsp;podane dane b\u0119d\u0105 przetwarzane w celu przeprowadzenia procesu rekrutacji \u2013 art. 6 ust 1 b og\u00f3lnego rozporz\u0105dzenia o ochronie danych lub\/i na podstawie art. 6 ust 1 pkt a RODO w celu przetwarzania danych kontaktowych lub\/i przysz\u0142ych rekrutacji na podstawie zgody na przetwarzanie w okre\u015blonym w zgodzie celu; <br>6.&nbsp;Administrator nie zamierza przekazywa\u0107 Twoich danych osobowych innym odbiorcom.<br>7.&nbsp;U administratora danych osobowych wyznaczony jest inspektor ochrony danych z kt\u00f3rym mo\u017cna si\u0119 skontaktowa\u0107 poprzez email: <a href=\"mailto:rodo@europrovidus.home.pl\">rodo@europrovidus.home.pl<\/a> lub pisemnie na adres ul. Rac\u0142awicka&nbsp; 22, 42-200 Cz\u0119stochowa. <br>8.&nbsp;dane osobowe b\u0119d\u0105 przechowywane przez nast\u0119puj\u0105cy okres czasu:<br>&#8211; przez okres prowadzenia rekrutacji na dane stanowisko pracy i zostan\u0105 usuni\u0119te nie p\u00f3\u017aniej ni\u017c w ci\u0105gu 2 miesi\u0119cy od zako\u0144czenia rekrutacji;<br>&#8211; w zakresie wyra\u017cenia zgody nie d\u0142u\u017cej ni\u017c przez rok na potrzeby przysz\u0142ych rekrutacji;<br>9.&nbsp;ma Pan\/Pani prawo wniesienia skargi do organu nadzorczego, gdy uzna Pani\/Pan, i\u017c przetwarzanie danych osobowych Pani\/Pana dotycz\u0105cych narusza przepisy og\u00f3lnego rozporz\u0105dzenia o ochronie danych osobowych.<br>10.&nbsp;Pani\/Pana dane nie b\u0119d\u0105 przetwarzane w spos\u00f3b zautomatyzowany w tym r\u00f3wnie\u017c w formie profilowania.<\/div>\n\n\n\n<div style=\"text-align: justify;\">&nbsp;<\/div>\n\n\n\n<div>\n\t<div style=\"text-align: justify;\"><strong>Klauzula informacyjna \u2013 rekrutacja na stanowisko Konsultant Finansowy \/ Konsultant Lider<\/strong>\n\t<\/div>\n\t<div style=\"text-align: justify;\">Zgodnie z obowi\u0105zuj\u0105cym od dnia 25 maja 2018r. Rozporz\u0105dzeniem Parlamentu&nbsp; Europejskiego i Rady (UE) 2016\/679 z dnia&nbsp; 27 kwietnia&nbsp; 2016r.&nbsp; w sprawie ochrony os\u00f3b fizycznych w zwi\u0105zku z przetwarzaniem danych osobowych i w sprawie swobodnego przep\u0142ywu takich danych oraz uchylenia dyrektywy 95\/46\/WE (og\u00f3lne rozporz\u0105dzenie o ochronie danych) Euro Providus SA z siedzib\u0105 w Cz\u0119stochowie, ul. Rac\u0142awicka 22, jako administrator danych osobowych, informuj\u0119 Pana\/ Pani\u0105, i\u017c:<br>1.&nbsp;Administratorem danych osobowych jest Euro Providus SA z siedzib\u0105 w Cz\u0119stochowie, ul. Rac\u0142awicka 22;<br>2.&nbsp;podanie danych osobowych jest dobrowolne, ale niezb\u0119dne w celu przeprowadzenia rekrutacji na aplikowane stanowisko konsultanta finansowego \/ konsultanta lidera; niepodanie danych uniemo\u017cliwi udzia\u0142 w rekrutacji;<br>3.&nbsp;posiada Pani\/Pan prawo dost\u0119pu do tre\u015bci swoich danych osobowych i ich sprostowania, usuni\u0119cia, ograniczenia przetwarzania, prawo do przenoszenia danych;<br>4.&nbsp;posiada Pan\/Pani prawo zg\u0142oszenia sprzeciwu: co do przetwarzania danych osobowych, prawo do cofni\u0119cia zgody w dowolnym momencie bez wp\u0142ywu na zgodno\u015b\u0107 z prawem przetwarzania; <br>5.&nbsp;podane dane b\u0119d\u0105 przetwarzane w celu przeprowadzenia procesu rekrutacji \u2013 art. 6 ust 1 b og\u00f3lnego rozporz\u0105dzenia o ochronie danych lub\/i na podstawie art. 6 ust 1 pkt a RODO w celu przetwarzania danych kontaktowych lub\/i przysz\u0142ych rekrutacji na podstawie zgody na przetwarzanie w okre\u015blonym w zgodzie celu; <br>6.&nbsp;Administrator nie zamierza przekazywa\u0107 Twoich danych osobowych innym odbiorcom.<br>7.&nbsp;U administratora danych osobowych wyznaczony jest inspektor ochrony danych z kt\u00f3rym mo\u017cna si\u0119 skontaktowa\u0107 poprzez email: <a href=\"mailto:rodo@europrovidus.home.pl\">rodo@europrovidus.home.pl<\/a> lub pisemnie na adres ul. Rac\u0142awicka&nbsp; 22, 42-200 Cz\u0119stochowa. <br>8.&nbsp;dane osobowe b\u0119d\u0105 przechowywane przez nast\u0119puj\u0105cy okres czasu:<br>&#8211; przez okres prowadzenia rekrutacji na dane stanowisko&nbsp; i zostan\u0105 usuni\u0119te nie p\u00f3\u017aniej ni\u017c w ci\u0105gu 2 miesi\u0119cy od zako\u0144czenia rekrutacji;<br>&#8211; w zakresie wyra\u017cenia zgody nie d\u0142u\u017cej ni\u017c przez rok na potrzeby przysz\u0142ych rekrutacji;<br>9.&nbsp;ma Pan\/Pani prawo wniesienia skargi do organu nadzorczego, gdy uzna Pani\/Pan, i\u017c przetwarzanie danych osobowych Pani\/Pana dotycz\u0105cych narusza przepisy og\u00f3lnego rozporz\u0105dzenia o ochronie danych osobowych.<br>10.&nbsp;Pani\/Pana dane nie b\u0119d\u0105 przetwarzane w spos\u00f3b zautomatyzowany w tym r\u00f3wnie\u017c w formie profilowania.<\/div>\n<\/div>\n","protected":false},"excerpt":{"rendered":"<p>Szukasz pracy lub dodatkowego \u017ar\u00f3d\u0142a dochodu, skontaktuj si\u0119 z nami.<\/p>\n","protected":false},"author":1,"featured_media":0,"parent":0,"menu_order":0,"comment_status":"closed","ping_status":"closed","template":"template-fullwidth.php","meta":[],"_links":{"self":[{"href":"https:\/\/europrovidus.com.pl\/site\/index.php?rest_route=\/wp\/v2\/pages\/1595"}],"collection":[{"href":"https:\/\/europrovidus.com.pl\/site\/index.php?rest_route=\/wp\/v2\/pages"}],"about":[{"href":"https:\/\/europrovidus.com.pl\/site\/index.php?rest_route=\/wp\/v2\/types\/page"}],"author":[{"embeddable":true,"href":"https:\/\/europrovidus.com.pl\/site\/index.php?rest_route=\/wp\/v2\/users\/1"}],"replies":[{"embeddable":true,"href":"https:\/\/europrovidus.com.pl\/site\/index.php?rest_route=%2Fwp%2Fv2%2Fcomments&post=1595"}],"version-history":[{"count":3,"href":"https:\/\/europrovidus.com.pl\/site\/index.php?rest_route=\/wp\/v2\/pages\/1595\/revisions"}],"predecessor-version":[{"id":1600,"href":"https:\/\/europrovidus.com.pl\/site\/index.php?rest_route=\/wp\/v2\/pages\/1595\/revisions\/1600"}],"wp:attachment":[{"href":"https:\/\/europrovidus.com.pl\/site\/index.php?rest_route=%2Fwp%2Fv2%2Fmedia&parent=1595"}],"curies":[{"name":"wp","href":"https:\/\/api.w.org\/{rel}","templated":true}]}}